{"id":69,"date":"2024-09-05T21:49:14","date_gmt":"2024-09-05T19:49:14","guid":{"rendered":"https:\/\/deynet.eu\/?page_id=69"},"modified":"2025-02-11T20:00:35","modified_gmt":"2025-02-11T19:00:35","slug":"startseite","status":"publish","type":"page","link":"https:\/\/deynet.eu\/","title":{"rendered":"Startseite"},"content":{"rendered":"\n<p>Ich bin freiberuflicher Software-Engineer mit Fokus auf Embedded Systems und \u00fcber 20 Jahren Berufserfahrung.<\/p>\n\n\n\n<div class=\"wp-block-columns is-layout-flex wp-container-core-columns-is-layout-9d6595d7 wp-block-columns-is-layout-flex\">\n<div class=\"wp-block-column is-layout-flow wp-block-column-is-layout-flow\" style=\"flex-basis:66.66%\">\n<p>Zu meinen beruflichen Stationen z\u00e4hlten:<\/p>\n\n\n\n<ul class=\"wp-block-list\">\n<li>TU Kaiserslautern \/ TU Clausthal: Studium und Promotion<\/li>\n\n\n\n<li>Fraunhofer IESE in Kaiserslautern<\/li>\n\n\n\n<li>Industrieerfahrung in verschiedenen Positionen<\/li>\n\n\n\n<li>seit 2021 selbstst\u00e4ndig<\/li>\n<\/ul>\n<\/div>\n\n\n\n<div class=\"wp-block-column is-vertically-aligned-top is-layout-flow wp-block-column-is-layout-flow\" style=\"flex-basis:33.33%\"><div class=\"wp-block-image\">\n<figure class=\"alignright size-full is-resized\"><img loading=\"lazy\" decoding=\"async\" width=\"364\" height=\"540\" src=\"https:\/\/deynet.eu\/wp-content\/uploads\/2025\/02\/20241024_102123_4.png\" alt=\"\" class=\"wp-image-266\" style=\"width:125px;height:auto\" srcset=\"https:\/\/deynet.eu\/wp-content\/uploads\/2025\/02\/20241024_102123_4.png 364w, https:\/\/deynet.eu\/wp-content\/uploads\/2025\/02\/20241024_102123_4-202x300.png 202w\" sizes=\"auto, (max-width: 364px) 100vw, 364px\" \/><\/figure>\n<\/div><\/div>\n<\/div>\n\n\n\n<p>Kurzer \u00dcberblick \u00fcber meine Themen:<\/p>\n\n\n\n<figure class=\"wp-block-table is-style-regular\"><table><tbody><tr><td>Typische Rollen:<\/td><td>Technischer Projektleiter<br>System- und Software-Architekt<br>Software Engineer<br>Requirements Engineer<br>Tester<\/td><\/tr><tr><td>Einsatzgebiete<\/td><td>Embedded Systems und Embedded Software<br>IoT \/ Industrie 4.0<br>Industrieanwendungen und Automatisierung<br>Mittelstand<\/td><\/tr><tr><td>Branchen<\/td><td>Automatisierungstechnik, propriet\u00e4re Steuerungen<br>Bergbau<br>Medizintechnik<br>Beh\u00f6rden<\/td><\/tr><tr><td>Was mich auszeichnet<\/td><td>Ich f\u00fchle mich im Bereich Systemkonzeption \/ Requirements Engineering und Architekturentwurf genauso zuhause wie in der Programmierung und Testen. Meine St\u00e4rke ist, dass ich fachlich in allen diesen Bereichen eingearbeitet bin und ich auf jeder Ebene mit Stakeholdern kommunizieren kann.<\/td><\/tr><tr><td>Fremdsprachen<\/td><td>Deutsch<br>Englisch<\/td><\/tr><\/tbody><\/table><\/figure>\n\n\n\n<figure class=\"wp-block-image size-large\"><img loading=\"lazy\" decoding=\"async\" width=\"1024\" height=\"319\" src=\"https:\/\/deynet.eu\/wp-content\/uploads\/2025\/02\/nordsee-1024x319.jpg\" alt=\"\" class=\"wp-image-293\" srcset=\"https:\/\/deynet.eu\/wp-content\/uploads\/2025\/02\/nordsee-1024x319.jpg 1024w, https:\/\/deynet.eu\/wp-content\/uploads\/2025\/02\/nordsee-300x94.jpg 300w, https:\/\/deynet.eu\/wp-content\/uploads\/2025\/02\/nordsee-768x240.jpg 768w, https:\/\/deynet.eu\/wp-content\/uploads\/2025\/02\/nordsee-1536x479.jpg 1536w, https:\/\/deynet.eu\/wp-content\/uploads\/2025\/02\/nordsee-624x195.jpg 624w, https:\/\/deynet.eu\/wp-content\/uploads\/2025\/02\/nordsee.jpg 1622w\" sizes=\"auto, (max-width: 1024px) 100vw, 1024px\" \/><\/figure>\n","protected":false},"excerpt":{"rendered":"<p>Ich bin freiberuflicher Software-Engineer mit Fokus auf Embedded Systems und \u00fcber 20 Jahren Berufserfahrung. Zu meinen beruflichen Stationen z\u00e4hlten: Kurzer \u00dcberblick \u00fcber meine Themen: Typische Rollen: Technischer ProjektleiterSystem- und Software-ArchitektSoftware EngineerRequirements EngineerTester Einsatzgebiete Embedded Systems und Embedded SoftwareIoT \/ Industrie 4.0Industrieanwendungen und AutomatisierungMittelstand Branchen Automatisierungstechnik, propriet\u00e4re SteuerungenBergbauMedizintechnikBeh\u00f6rden Was mich auszeichnet Ich f\u00fchle mich im Bereich [&hellip;]<\/p>\n","protected":false},"author":1,"featured_media":0,"parent":0,"menu_order":0,"comment_status":"closed","ping_status":"closed","template":"","meta":{"footnotes":""},"class_list":["post-69","page","type-page","status-publish","hentry"],"_links":{"self":[{"href":"https:\/\/deynet.eu\/index.php?rest_route=\/wp\/v2\/pages\/69","targetHints":{"allow":["GET"]}}],"collection":[{"href":"https:\/\/deynet.eu\/index.php?rest_route=\/wp\/v2\/pages"}],"about":[{"href":"https:\/\/deynet.eu\/index.php?rest_route=\/wp\/v2\/types\/page"}],"author":[{"embeddable":true,"href":"https:\/\/deynet.eu\/index.php?rest_route=\/wp\/v2\/users\/1"}],"replies":[{"embeddable":true,"href":"https:\/\/deynet.eu\/index.php?rest_route=%2Fwp%2Fv2%2Fcomments&post=69"}],"version-history":[{"count":15,"href":"https:\/\/deynet.eu\/index.php?rest_route=\/wp\/v2\/pages\/69\/revisions"}],"predecessor-version":[{"id":296,"href":"https:\/\/deynet.eu\/index.php?rest_route=\/wp\/v2\/pages\/69\/revisions\/296"}],"wp:attachment":[{"href":"https:\/\/deynet.eu\/index.php?rest_route=%2Fwp%2Fv2%2Fmedia&parent=69"}],"curies":[{"name":"wp","href":"https:\/\/api.w.org\/{rel}","templated":true}]}}