{"id":186,"date":"2024-09-06T11:19:09","date_gmt":"2024-09-06T09:19:09","guid":{"rendered":"https:\/\/deynet.eu\/?page_id=186"},"modified":"2025-02-11T19:40:41","modified_gmt":"2025-02-11T18:40:41","slug":"projekte-im-behoerdenumfeld","status":"publish","type":"page","link":"https:\/\/deynet.eu\/?page_id=186","title":{"rendered":"Projekte im Beh\u00f6rdenumfeld"},"content":{"rendered":"\n<p>In der Vergangenheit habe ich Projekte in verschiedenen Beh\u00f6rden mit unterschiedlicher Gr\u00f6\u00dfe durchgef\u00fchrt. Dies reicht von kleinen Ausschreibungsprojekten (z.B. Kreisverwatung) bis hin zu Bundesbeh\u00f6rden (Bundeswehr, Bundesverwaltungsamt etc.).<\/p>\n\n\n\n<p>Themen, die ich hier bearbeitet habe sind:<\/p>\n\n\n\n<ul class=\"wp-block-list\">\n<li>Requirements Engineering, Konzeption und Durchf\u00fchrung<\/li>\n\n\n\n<li>Mitwirkung an Ausschreibungen<\/li>\n\n\n\n<li>Architekturentwurf, Modellierung, NAF<\/li>\n\n\n\n<li>V-Modell XT<\/li>\n\n\n\n<li>Schulungen (Konzept und Durchf\u00fchrung) im Bereich Requirements Engineering und Architekturen (z.B. an der Bundesakademie f\u00fcr Wehrverwaltung und Wehrtechnik in Mannheim)<\/li>\n<\/ul>\n\n\n\n<figure class=\"wp-block-image size-large\"><img loading=\"lazy\" decoding=\"async\" width=\"1024\" height=\"473\" src=\"https:\/\/deynet.eu\/wp-content\/uploads\/2025\/02\/signal-2025-02-11-191537_008-1024x473.jpeg\" alt=\"\" class=\"wp-image-283\" srcset=\"https:\/\/deynet.eu\/wp-content\/uploads\/2025\/02\/signal-2025-02-11-191537_008-1024x473.jpeg 1024w, https:\/\/deynet.eu\/wp-content\/uploads\/2025\/02\/signal-2025-02-11-191537_008-300x139.jpeg 300w, https:\/\/deynet.eu\/wp-content\/uploads\/2025\/02\/signal-2025-02-11-191537_008-768x355.jpeg 768w, https:\/\/deynet.eu\/wp-content\/uploads\/2025\/02\/signal-2025-02-11-191537_008-1536x710.jpeg 1536w, https:\/\/deynet.eu\/wp-content\/uploads\/2025\/02\/signal-2025-02-11-191537_008-2048x946.jpeg 2048w, https:\/\/deynet.eu\/wp-content\/uploads\/2025\/02\/signal-2025-02-11-191537_008-624x288.jpeg 624w\" sizes=\"auto, (max-width: 1024px) 100vw, 1024px\" \/><\/figure>\n","protected":false},"excerpt":{"rendered":"<p>In der Vergangenheit habe ich Projekte in verschiedenen Beh\u00f6rden mit unterschiedlicher Gr\u00f6\u00dfe durchgef\u00fchrt. Dies reicht von kleinen Ausschreibungsprojekten (z.B. Kreisverwatung) bis hin zu Bundesbeh\u00f6rden (Bundeswehr, Bundesverwaltungsamt etc.). Themen, die ich hier bearbeitet habe sind:<\/p>\n","protected":false},"author":1,"featured_media":0,"parent":181,"menu_order":0,"comment_status":"closed","ping_status":"closed","template":"","meta":{"footnotes":""},"class_list":["post-186","page","type-page","status-publish","hentry"],"_links":{"self":[{"href":"https:\/\/deynet.eu\/index.php?rest_route=\/wp\/v2\/pages\/186","targetHints":{"allow":["GET"]}}],"collection":[{"href":"https:\/\/deynet.eu\/index.php?rest_route=\/wp\/v2\/pages"}],"about":[{"href":"https:\/\/deynet.eu\/index.php?rest_route=\/wp\/v2\/types\/page"}],"author":[{"embeddable":true,"href":"https:\/\/deynet.eu\/index.php?rest_route=\/wp\/v2\/users\/1"}],"replies":[{"embeddable":true,"href":"https:\/\/deynet.eu\/index.php?rest_route=%2Fwp%2Fv2%2Fcomments&post=186"}],"version-history":[{"count":3,"href":"https:\/\/deynet.eu\/index.php?rest_route=\/wp\/v2\/pages\/186\/revisions"}],"predecessor-version":[{"id":284,"href":"https:\/\/deynet.eu\/index.php?rest_route=\/wp\/v2\/pages\/186\/revisions\/284"}],"up":[{"embeddable":true,"href":"https:\/\/deynet.eu\/index.php?rest_route=\/wp\/v2\/pages\/181"}],"wp:attachment":[{"href":"https:\/\/deynet.eu\/index.php?rest_route=%2Fwp%2Fv2%2Fmedia&parent=186"}],"curies":[{"name":"wp","href":"https:\/\/api.w.org\/{rel}","templated":true}]}}